{"id":30,"date":"2011-02-28T12:36:19","date_gmt":"2011-02-28T11:36:19","guid":{"rendered":"http:\/\/www.frauke-junghans.de\/?page_id=30"},"modified":"2016-10-18T01:07:25","modified_gmt":"2016-10-17T23:07:25","slug":"beratung-training-seminare","status":"publish","type":"page","link":"http:\/\/www.frauke-junghans.de\/?page_id=30","title":{"rendered":"Angebots\u00fcbersicht"},"content":{"rendered":"<p><strong>Impulsreferate &#8211; Seminare &#8211; Training &#8211; Beratung<br \/>\n<\/strong><\/p>\n<p>Die folgenden Kategorien geben eine \u00dcbersicht \u00fcber das Angebot. Selbstverst\u00e4ndlich werden alle Angebote auf Ihre individuellen Bed\u00fcrfnisse zugeschnitten.\u00a0 F\u00fcr weitere Informationen und ein konkretes Angebot nehmen Sie bitte <a href=\"http:\/\/www.frauke-junghans.de\/?page_id=15\">Kontakt<\/a> auf.<\/p>\n<p><strong>Kompakt<\/strong>\u2013 Dauer 0,5-2 Stunden<br \/>\n<em> Zum Kennenlernen und Ausprobieren<\/em><br \/>\nEinzelne thematische Einheit bestehend aus inhaltlicher Einf\u00fchrung und Impulsen<br \/>\nzur konkreten Umsetzung im pers\u00f6nlichen Alltag.<br \/>\n<span style=\"text-decoration: underline;\">Geeignet als<\/span><br \/>\n\u2022 Einzelveranstaltung f\u00fcr Gemeindegruppen oder Hauskreise<br \/>\n\u2022 Impulsreferat bei Veranstaltungen<br \/>\n\u2022 Thematische Predigt bei Gottesdiensten<br \/>\n\u2022 Seminar bei Tagungen, Kongressen etc.<\/p>\n<p><strong>Kompakt\u2013Spezial<\/strong> \u2013 Dauer ab 1 Tag<br \/>\n<em> Zur umfassenden Einf\u00fchrung<\/em><br \/>\nTagesseminar aus Elementen des Kompakt-Programms zur vertiefenden Einf\u00fchrung in ein Thema oder als \u00dcberblick \u00fcber verschiedene Themen inkl.\u00a0 praktischer \u00dcbung in geistlich-kollegialer Beratung<br \/>\n<span style=\"text-decoration: underline;\"> Geeignet als<\/span><br \/>\n\u2022 Impulstag f\u00fcr Gemeinden, Gruppen<br \/>\n\u2022 Seminar f\u00fcr Multiplikatoren<\/p>\n<p><strong>Entdecker<\/strong> \u2013 1-2 Einheiten \u00e0 2 Stunden zzgl. Material zur eigenen Weiterarbeit in den folgenden Wochen<br \/>\n<em>\u00dcber einen begrenzten Zeitraum an einem Thema intensiv und alltagsrelevant dran bleiben. <\/em><br \/>\nStarteinheit mit der Gruppe zur Einf\u00fchrung in das Thema und Anleitung zur eigenen Weiterarbeit im Sinne geistlich kollegialer Beratung.<br \/>\nSchriftliches Trainingsprogramm als Leitfaden f\u00fcr die weitere Besch\u00e4ftigung mit<br \/>\ndem Thema \u00fcber einen Zeitraum von 4-8 Wochen.<br \/>\nWeitere Pr\u00e4senz-Einheiten vor Ort oder als Telefonkonferenz w\u00e4hrend oder zum<br \/>\nAbschluss des Trainings nach Absprache buchbar.<br \/>\n<span style=\"text-decoration: underline;\">Geeignet als<\/span><br \/>\n\u2022 Intensivprogramm f\u00fcr Einzelgruppen (Hauskreise u.\u00e4.)<br \/>\n\u2022 Gemeinsames Projekt f\u00fcr die ganze Gemeinde<\/p>\n<p><strong>Entdecker-Spezial<\/strong> \u2013 Einheiten verteilt \u00fcber 1 Wochenende oder mehr<br \/>\n<em> Intensive Besch\u00e4ftigung mit einem Thema an einem Wochenende oder w\u00e4hrend<\/em><br \/>\n<em> eines l\u00e4ngeren Zeitraumes<\/em><\/p>\n<p>Programm zugeschnitten auf die Bed\u00fcrfnisse der jeweiligen Gruppe aus folgenden<br \/>\nm\u00f6glichen Elementen: Thematische Einf\u00fchrung und Vertiefung, Schritte zur<br \/>\nUmsetzung in den Alltag, Praxis geistlich-kollegialer Beratung, Anleitung zur pers\u00f6nlichen<br \/>\nVertiefung in Phasen der Stille, Kleingruppenarbeit, Begleitung von Analyse-, Visions- und Zielfindungsprozessen.<br \/>\nZeitlicher Umfang der Einheiten nach Absprache.<br \/>\n<span style=\"text-decoration: underline;\"> Geeignet als<\/span><br \/>\n\u2022 Inhaltliches Programm bei Gemeinde- oder Mitarbeiterfreizeiten<br \/>\n\u2022 Thematischer Schwerpunkt w\u00e4hrend<br \/>\nMitarbeiter- oder\u00a0\u00a0 Kirchengemeinderatswochenenden<br \/>\n\u2022 Seminar-\/Retraite-Angebot f\u00fcr Tagungsh\u00e4user<\/p>\n<p><strong>Training &amp; Beratung <\/strong><br \/>\n<em><strong>Damit Tr\u00e4ume Wirklichkeit werden<\/strong><\/em><br \/>\nIndividuelle Begleitung von Ver\u00e4nderungsprozessen: Analyse der bestehenden Situation,<br \/>\nEntwicklung von Visionen und Zielen, bed\u00fcrfnis- und ressourcenorientierte<br \/>\nKonkretisierung des Ver\u00e4nderungsbedarfs mit Beschreibung konkreter Handlungsschritte<br \/>\nBei Bedarf auch mit inhaltlicher Einf\u00fchrung\/Erarbeitung eines Themenfeldes.<br \/>\n<span style=\"text-decoration: underline;\">Geeignet als<\/span><br \/>\n\u2022 Begleitung im Sinne von Mentoring f\u00fcr Einzelpersonen<br \/>\n\u2022 Begleiteter Prozess f\u00fcr Mitarbeiter- und Leitungsteams<br \/>\nwie beispielsweise Kirchengemeinder\u00e4te<br \/>\n\u2022 Gruppenprozess im Sinne einer Zukunftswerkstatt<br \/>\n\u2022 L\u00e4ngerfristige Begleitung bestimmter Teams\/Gemeindegruppen<br \/>\nbei Ver\u00e4nderungsprozessen<\/p>\n<p><strong>L.E.B.E.N.-Training<\/strong> \u2013 Dauer 1 Jahr,<br \/>\nPreis f\u00fcr das Programm monatl. 69,- EUR\/ erm\u00e4\u00dfigt 39,- EUR<br \/>\nL.E.B.E.N.- Meine Reise zu einem jesusm\u00e4\u00dfigen Leben<br \/>\nDas L.E.B.E.N.-Programm ist ein situativer und ressourcenorientierter Ansatz, wie<br \/>\nGlaube in den Alltag findet, der ganz die St\u00e4rken und die Herausforderungen des<br \/>\nEinzelnen respektiert.<br \/>\nDas L.E.B.E.N.-Training l\u00e4uft \u00fcber ein Jahr (fortlaufender Einstieg m\u00f6glich) und<br \/>\nfindet in Regionalgruppen pers\u00f6nlich Anwendung. Gleichzeitig erfolgt in Modulworkshops<br \/>\nund lokalen L.E.B.E.N.-Gruppen die Kompetenzvermittlung f\u00fcr das eigene<br \/>\nLeiten von L.E.B.E.N.-Kursen.\u00a0 <a href=\"http:\/\/www.netzwerk-leben.cc\">www.netzwerk-leben.cc<br \/>\n<\/a><span style=\"text-decoration: underline;\">Geeignet als<\/span><br \/>\n\u2022 Pers\u00f6nliches Glaubens- und Alltagstraining f\u00fcr Einzelpersonen durch<br \/>\nTeilnahme an einer bestehenden L.E.B.E.N.-Regio-Gruppe<br \/>\n\u2022 Mitarbeiterschulung durch Teilnahme an einer bestehenden L.E.B.E.N.-Regio-<br \/>\nGruppe oder eigener L.E.B.E.N.-Gruppe vor Ort (ab 6 Personen).<\/p>\n<p>&nbsp;<\/p>\n","protected":false},"excerpt":{"rendered":"<p>Impulsreferate &#8211; Seminare &#8211; Training &#8211; Beratung Die folgenden Kategorien geben eine \u00dcbersicht \u00fcber das Angebot. Selbstverst\u00e4ndlich werden alle Angebote auf Ihre individuellen Bed\u00fcrfnisse zugeschnitten.\u00a0 F\u00fcr weitere Informationen und ein konkretes Angebot nehmen Sie bitte Kontakt auf. Kompakt\u2013 Dauer 0,5-2 &hellip; <a href=\"http:\/\/www.frauke-junghans.de\/?page_id=30\">Weiterlesen <span class=\"meta-nav\">&rarr;<\/span><\/a><\/p>\n","protected":false},"author":1,"featured_media":0,"parent":14,"menu_order":0,"comment_status":"closed","ping_status":"open","template":"","meta":[],"_links":{"self":[{"href":"http:\/\/www.frauke-junghans.de\/index.php?rest_route=\/wp\/v2\/pages\/30"}],"collection":[{"href":"http:\/\/www.frauke-junghans.de\/index.php?rest_route=\/wp\/v2\/pages"}],"about":[{"href":"http:\/\/www.frauke-junghans.de\/index.php?rest_route=\/wp\/v2\/types\/page"}],"author":[{"embeddable":true,"href":"http:\/\/www.frauke-junghans.de\/index.php?rest_route=\/wp\/v2\/users\/1"}],"replies":[{"embeddable":true,"href":"http:\/\/www.frauke-junghans.de\/index.php?rest_route=%2Fwp%2Fv2%2Fcomments&post=30"}],"version-history":[{"count":11,"href":"http:\/\/www.frauke-junghans.de\/index.php?rest_route=\/wp\/v2\/pages\/30\/revisions"}],"predecessor-version":[{"id":344,"href":"http:\/\/www.frauke-junghans.de\/index.php?rest_route=\/wp\/v2\/pages\/30\/revisions\/344"}],"up":[{"embeddable":true,"href":"http:\/\/www.frauke-junghans.de\/index.php?rest_route=\/wp\/v2\/pages\/14"}],"wp:attachment":[{"href":"http:\/\/www.frauke-junghans.de\/index.php?rest_route=%2Fwp%2Fv2%2Fmedia&parent=30"}],"curies":[{"name":"wp","href":"https:\/\/api.w.org\/{rel}","templated":true}]}}